{"id":5631,"date":"2024-10-10T11:59:23","date_gmt":"2024-10-10T11:59:23","guid":{"rendered":"https:\/\/noahommikukuma.com\/?page_id=5631"},"modified":"2024-10-10T11:59:23","modified_gmt":"2024-10-10T11:59:23","slug":"politica-de-cookies","status":"publish","type":"page","link":"https:\/\/noahommikukuma.com\/et\/politica-de-cookies\/","title":{"rendered":"K\u00fcpsiste poliitika"},"content":{"rendered":"<p>K\u00fcpsis on v\u00e4ike fail, mis salvestatakse kasutaja arvutisse ja v\u00f5imaldab meil kasutaja \u00e4ra tunda. K\u00fcpsised aitavad meil parandada meie veebisaidi kvaliteeti, v\u00f5imaldades meil j\u00e4lgida, milliseid lehek\u00fclgi meie kasutajad peavad kasulikuks ja milliseid mitte.<\/p>\n\n\n\n<p>K\u00fcpsised on interneti toimimiseks h\u00e4davajalikud, pakkudes interaktiivsete teenuste osutamisel lugematuid eeliseid, h\u00f5lbustades meie veebisaidi navigeerimist ja kasutatavust. Pange t\u00e4hele, et k\u00fcpsised ei saa kahjustada teie arvutit ja et teisest k\u00fcljest aitab nende aktiveerimine meil tuvastada ja lahendada vigu.<\/p>\n\n\n\n<p>Allpool esitatud teave aitab teil m\u00f5ista erinevaid k\u00fcpsiseid:<\/p>\n\n\n\n<p>Seansik\u00fcpsised: need on ajutised k\u00fcpsised, mis j\u00e4\u00e4vad teie veebilehitseja k\u00fcpsiste faili kuni veebisaidilt lahkumiseni, nii et \u00fchtegi k\u00fcpsist ei salvestata kasutaja k\u00f5vakettale. Nende k\u00fcpsiste abil saadud teavet kasutatakse veebiliikluse mustrite anal\u00fc\u00fcsimiseks. Pikemas perspektiivis v\u00f5imaldab see meil pakkuda paremat kasutuskogemust, et parandada sisu ja h\u00f5lbustada selle kasutamist.<\/p>\n\n\n\n<p>P\u00fcsik\u00fcpsised: need salvestatakse teie k\u00f5vakettale ja meie veebisait loeb neid iga kord, kui te k\u00fclastate seda uuesti. P\u00fcsik\u00fcpsistel on kindel aegumiskuup\u00e4ev. P\u00e4rast seda kuup\u00e4eva k\u00fcpsis l\u00f5petab oma t\u00f6\u00f6. \u00dcldiselt kasutame neid ostu- ja registreerimisteenuste h\u00f5lbustamiseks.<\/p>\n\n\n\n<p>Mitmeotstarbelised k\u00fcpsised: K\u00fcpsiseid v\u00f5ib kasutada mitmel eesm\u00e4rgil, seega saab neid n\u00f5usoleku n\u00f5udest vabastada ainult siis, kui k\u00f5ik eesm\u00e4rgid, milleks neid kasutatakse, on eraldi n\u00f5usoleku n\u00f5udest vabastatud.<\/p>\n\n\n\n<p>Kasutajal on v\u00f5imalus takistada k\u00fcpsiste genereerimist, valides oma brauseris vastava valiku. NOA ei vastuta siiski selle eest, kui k\u00fcpsiste deaktiveerimine takistab veebilehe n\u00f5uetekohast toimimist.<\/p>\n\n\n\n<p>N\u00e4ited k\u00fcpsiste seadetest erinevates brauserites:<\/p>\n\n\n\n<p>Google Chrome:<\/p>\n\n\n\n<p>http:\/\/support.google.com\/chrome\/bin\/answer.py?hl=es&amp;answer=95647<br>Windows Explorer:<\/p>\n\n\n\n<p>http:\/\/windows.microsoft.com\/es-es\/windows7\/how-to-manage-cookies-in-internet-explorer-9<br>Firefox:<\/p>\n\n\n\n<p>http:\/\/support.mozilla.org\/es\/kb\/habilitar-y-deshabilitar-cookies-que-los-sitios-web<br>Apple Safari:<\/p>\n\n\n\n<p>http:\/\/support.apple.com\/kb\/ph5042<\/p>\n\n\n\n<p>Teavitame teid, et NOA ei kasuta oma domeenis doradocardenas.com isikuandmete t\u00f6\u00f6tlemiseks mingeid \"k\u00fcpsiseid\", mis v\u00f5imaldavad konkreetsete isikute tuvastamist.<\/p>\n\n\n\n<p><br>Olles lugenud kogu esitatud teavet, hoiatame kasutajat, et kui ta j\u00e4tkab meie veebisaidi sirvimist, ilma et ta oleks v\u00f5tnud asjakohaseid meetmeid oma brauseri kohandamiseks, et takistada selle poolt kasutatavate k\u00fcpsiste paigaldamist, vastavalt artiklis 22 toodud tingimustele.2 seaduses 34\/2002 info\u00fchiskonna teenuste ja elektroonilise kaubanduse kohta, mida on muudetud 30. m\u00e4rtsi kuningliku dekreediga 13\/2012, millega v\u00f5etakse \u00fcle elektri- ja gaasituru ning elektroonilise side direktiivid, annate oma n\u00f5usoleku eespool nimetatud mehhanismide kasutamiseks.<\/p>","protected":false},"excerpt":{"rendered":"<p>Una \u201cCookie\u201d es un peque\u00f1o archivo que se almacena al ordenador del usuario y nos permite reconocerlo. El conjunto de \u201ccookies\u201d nos ayuda a mejorar la calidad de nuestra web, permiti\u00e9ndonos controlar qu\u00e9 p\u00e1ginas encuentran nuestros usuarios \u00fatiles y qu\u00e9 no. Las cookies son esenciales para el funcionamiento de internet, aportando innumerables ventajas en la [&hellip;]<\/p>","protected":false},"author":1,"featured_media":0,"parent":0,"menu_order":0,"comment_status":"closed","ping_status":"closed","template":"","meta":{"_joinchat":[],"footnotes":""},"class_list":["post-5631","page","type-page","status-publish","hentry"],"yoast_head":"<!-- This site is optimized with the Yoast SEO plugin v25.1 - https:\/\/yoast.com\/wordpress\/plugins\/seo\/ -->\n<title>Pol\u00edtica De Cookies - Noa Hommikukuma<\/title>\n<meta name=\"robots\" content=\"index, follow, max-snippet:-1, max-image-preview:large, max-video-preview:-1\" \/>\n<link rel=\"canonical\" href=\"https:\/\/noahommikukuma-com-431846.hostingersite.com\/politica-de-cookies\/\" \/>\n<meta property=\"og:locale\" content=\"et_EE\" \/>\n<meta property=\"og:type\" content=\"article\" \/>\n<meta property=\"og:title\" content=\"Pol\u00edtica De Cookies - Noa Hommikukuma\" \/>\n<meta property=\"og:description\" content=\"Una \u201cCookie\u201d es un peque\u00f1o archivo que se almacena al ordenador del usuario y nos permite reconocerlo. El conjunto de \u201ccookies\u201d nos ayuda a mejorar la calidad de nuestra web, permiti\u00e9ndonos controlar qu\u00e9 p\u00e1ginas encuentran nuestros usuarios \u00fatiles y qu\u00e9 no. Las cookies son esenciales para el funcionamiento de internet, aportando innumerables ventajas en la [&hellip;]\" \/>\n<meta property=\"og:url\" content=\"https:\/\/noahommikukuma-com-431846.hostingersite.com\/politica-de-cookies\/\" \/>\n<meta property=\"og:site_name\" content=\"Noa Hommikukuma\" \/>\n<meta property=\"article:publisher\" content=\"https:\/\/www.facebook.com\/noamanagement\/\" \/>\n<meta name=\"twitter:card\" content=\"summary_large_image\" \/>\n<meta name=\"twitter:label1\" content=\"Est. reading time\" \/>\n\t<meta name=\"twitter:data1\" content=\"3 minutit\" \/>\n<script type=\"application\/ld+json\" class=\"yoast-schema-graph\">{\"@context\":\"https:\/\/schema.org\",\"@graph\":[{\"@type\":\"WebPage\",\"@id\":\"https:\/\/noahommikukuma-com-431846.hostingersite.com\/politica-de-cookies\/\",\"url\":\"https:\/\/noahommikukuma-com-431846.hostingersite.com\/politica-de-cookies\/\",\"name\":\"Pol\u00edtica De Cookies - Noa Hommikukuma\",\"isPartOf\":{\"@id\":\"https:\/\/noahommikukuma-com-431846.hostingersite.com\/#website\"},\"datePublished\":\"2024-10-10T11:59:23+00:00\",\"breadcrumb\":{\"@id\":\"https:\/\/noahommikukuma-com-431846.hostingersite.com\/politica-de-cookies\/#breadcrumb\"},\"inLanguage\":\"et\",\"potentialAction\":[{\"@type\":\"ReadAction\",\"target\":[\"https:\/\/noahommikukuma-com-431846.hostingersite.com\/politica-de-cookies\/\"]}]},{\"@type\":\"BreadcrumbList\",\"@id\":\"https:\/\/noahommikukuma-com-431846.hostingersite.com\/politica-de-cookies\/#breadcrumb\",\"itemListElement\":[{\"@type\":\"ListItem\",\"position\":1,\"name\":\"Portada\",\"item\":\"https:\/\/noahommikukuma.com\/\"},{\"@type\":\"ListItem\",\"position\":2,\"name\":\"Pol\u00edtica De Cookies\"}]},{\"@type\":\"WebSite\",\"@id\":\"https:\/\/noahommikukuma-com-431846.hostingersite.com\/#website\",\"url\":\"https:\/\/noahommikukuma-com-431846.hostingersite.com\/\",\"name\":\"Noa Hommikukuma\",\"description\":\"Expertos en Promociones Inmobiliarias\",\"publisher\":{\"@id\":\"https:\/\/noahommikukuma-com-431846.hostingersite.com\/#organization\"},\"potentialAction\":[{\"@type\":\"SearchAction\",\"target\":{\"@type\":\"EntryPoint\",\"urlTemplate\":\"https:\/\/noahommikukuma-com-431846.hostingersite.com\/?s={search_term_string}\"},\"query-input\":{\"@type\":\"PropertyValueSpecification\",\"valueRequired\":true,\"valueName\":\"search_term_string\"}}],\"inLanguage\":\"et\"},{\"@type\":\"Organization\",\"@id\":\"https:\/\/noahommikukuma-com-431846.hostingersite.com\/#organization\",\"name\":\"Noa Hommikukuma\",\"url\":\"https:\/\/noahommikukuma-com-431846.hostingersite.com\/\",\"logo\":{\"@type\":\"ImageObject\",\"inLanguage\":\"et\",\"@id\":\"https:\/\/noahommikukuma-com-431846.hostingersite.com\/#\/schema\/logo\/image\/\",\"url\":\"https:\/\/noahommikukuma.com\/wp-content\/uploads\/2024\/09\/NOAlogoBlack.png\",\"contentUrl\":\"https:\/\/noahommikukuma.com\/wp-content\/uploads\/2024\/09\/NOAlogoBlack.png\",\"width\":4251,\"height\":4251,\"caption\":\"Noa Hommikukuma\"},\"image\":{\"@id\":\"https:\/\/noahommikukuma-com-431846.hostingersite.com\/#\/schema\/logo\/image\/\"},\"sameAs\":[\"https:\/\/www.facebook.com\/noamanagement\/\",\"https:\/\/www.instagram.com\/noa.mgmt\/\",\"https:\/\/www.tiktok.com\/@noa.management\"]}]}<\/script>\n<!-- \/ Yoast SEO plugin. -->","yoast_head_json":{"title":"Pol\u00edtica De Cookies - Noa Hommikukuma","robots":{"index":"index","follow":"follow","max-snippet":"max-snippet:-1","max-image-preview":"max-image-preview:large","max-video-preview":"max-video-preview:-1"},"canonical":"https:\/\/noahommikukuma-com-431846.hostingersite.com\/politica-de-cookies\/","og_locale":"et_EE","og_type":"article","og_title":"Pol\u00edtica De Cookies - Noa Hommikukuma","og_description":"Una \u201cCookie\u201d es un peque\u00f1o archivo que se almacena al ordenador del usuario y nos permite reconocerlo. El conjunto de \u201ccookies\u201d nos ayuda a mejorar la calidad de nuestra web, permiti\u00e9ndonos controlar qu\u00e9 p\u00e1ginas encuentran nuestros usuarios \u00fatiles y qu\u00e9 no. Las cookies son esenciales para el funcionamiento de internet, aportando innumerables ventajas en la [&hellip;]","og_url":"https:\/\/noahommikukuma-com-431846.hostingersite.com\/politica-de-cookies\/","og_site_name":"Noa Hommikukuma","article_publisher":"https:\/\/www.facebook.com\/noamanagement\/","twitter_card":"summary_large_image","twitter_misc":{"Est. reading time":"3 minutit"},"schema":{"@context":"https:\/\/schema.org","@graph":[{"@type":"WebPage","@id":"https:\/\/noahommikukuma-com-431846.hostingersite.com\/politica-de-cookies\/","url":"https:\/\/noahommikukuma-com-431846.hostingersite.com\/politica-de-cookies\/","name":"Pol\u00edtica De Cookies - Noa Hommikukuma","isPartOf":{"@id":"https:\/\/noahommikukuma-com-431846.hostingersite.com\/#website"},"datePublished":"2024-10-10T11:59:23+00:00","breadcrumb":{"@id":"https:\/\/noahommikukuma-com-431846.hostingersite.com\/politica-de-cookies\/#breadcrumb"},"inLanguage":"et","potentialAction":[{"@type":"ReadAction","target":["https:\/\/noahommikukuma-com-431846.hostingersite.com\/politica-de-cookies\/"]}]},{"@type":"BreadcrumbList","@id":"https:\/\/noahommikukuma-com-431846.hostingersite.com\/politica-de-cookies\/#breadcrumb","itemListElement":[{"@type":"ListItem","position":1,"name":"Portada","item":"https:\/\/noahommikukuma.com\/"},{"@type":"ListItem","position":2,"name":"Pol\u00edtica De Cookies"}]},{"@type":"WebSite","@id":"https:\/\/noahommikukuma-com-431846.hostingersite.com\/#website","url":"https:\/\/noahommikukuma-com-431846.hostingersite.com\/","name":"Noa Hommikukuma","description":"Expertos en Promociones Inmobiliarias","publisher":{"@id":"https:\/\/noahommikukuma-com-431846.hostingersite.com\/#organization"},"potentialAction":[{"@type":"SearchAction","target":{"@type":"EntryPoint","urlTemplate":"https:\/\/noahommikukuma-com-431846.hostingersite.com\/?s={search_term_string}"},"query-input":{"@type":"PropertyValueSpecification","valueRequired":true,"valueName":"search_term_string"}}],"inLanguage":"et"},{"@type":"Organization","@id":"https:\/\/noahommikukuma-com-431846.hostingersite.com\/#organization","name":"Noa Hommikukuma","url":"https:\/\/noahommikukuma-com-431846.hostingersite.com\/","logo":{"@type":"ImageObject","inLanguage":"et","@id":"https:\/\/noahommikukuma-com-431846.hostingersite.com\/#\/schema\/logo\/image\/","url":"https:\/\/noahommikukuma.com\/wp-content\/uploads\/2024\/09\/NOAlogoBlack.png","contentUrl":"https:\/\/noahommikukuma.com\/wp-content\/uploads\/2024\/09\/NOAlogoBlack.png","width":4251,"height":4251,"caption":"Noa Hommikukuma"},"image":{"@id":"https:\/\/noahommikukuma-com-431846.hostingersite.com\/#\/schema\/logo\/image\/"},"sameAs":["https:\/\/www.facebook.com\/noamanagement\/","https:\/\/www.instagram.com\/noa.mgmt\/","https:\/\/www.tiktok.com\/@noa.management"]}]}},"_links":{"self":[{"href":"https:\/\/noahommikukuma.com\/et\/wp-json\/wp\/v2\/pages\/5631","targetHints":{"allow":["GET"]}}],"collection":[{"href":"https:\/\/noahommikukuma.com\/et\/wp-json\/wp\/v2\/pages"}],"about":[{"href":"https:\/\/noahommikukuma.com\/et\/wp-json\/wp\/v2\/types\/page"}],"author":[{"embeddable":true,"href":"https:\/\/noahommikukuma.com\/et\/wp-json\/wp\/v2\/users\/1"}],"replies":[{"embeddable":true,"href":"https:\/\/noahommikukuma.com\/et\/wp-json\/wp\/v2\/comments?post=5631"}],"version-history":[{"count":1,"href":"https:\/\/noahommikukuma.com\/et\/wp-json\/wp\/v2\/pages\/5631\/revisions"}],"predecessor-version":[{"id":5632,"href":"https:\/\/noahommikukuma.com\/et\/wp-json\/wp\/v2\/pages\/5631\/revisions\/5632"}],"wp:attachment":[{"href":"https:\/\/noahommikukuma.com\/et\/wp-json\/wp\/v2\/media?parent=5631"}],"curies":[{"name":"wp","href":"https:\/\/api.w.org\/{rel}","templated":true}]}}