{"id":5629,"date":"2024-10-10T11:58:58","date_gmt":"2024-10-10T11:58:58","guid":{"rendered":"https:\/\/noahommikukuma.com\/?page_id=5629"},"modified":"2024-10-10T11:58:58","modified_gmt":"2024-10-10T11:58:58","slug":"politica-de-privacidad","status":"publish","type":"page","link":"https:\/\/noahommikukuma.com\/et\/politica-de-privacidad\/","title":{"rendered":"Privaatsuspoliitika"},"content":{"rendered":"<p>De conformidad a lo establecido por el Reglamento General de Protecci\u00f3n de Datos de la Uni\u00f3n Europea (RGPD), le informamos que los datos personales facilitados a trav\u00e9s de los formularios, as\u00ed como su direcci\u00f3n de correo electr\u00f3nico, han sido incluidos en un fichero titularidad de Avenida Vilafortuny, 63 43850 CAMBRILS (TARRAGONA), NIF B55708093, noa@noahommikukuma.com con el fin de atender sus consultas y env\u00edo de informaci\u00f3n relacionada con los productos y servicios que ofrece NOA.<\/p>\n\n\n\n<p>Se informa que los datos pueden ser utilizados para el env\u00edo de comunicaciones comerciales, por cualquier medio, relativo a otros servicios de nuestra empresa que puedan ser de su inter\u00e9s. Si bien podr\u00e1 en cualquier momento oponerse a este tipo de env\u00edos, enviando un correo electr\u00f3nico a la direcci\u00f3n noa@noahommikukuma.com indicando en el asunto \u201cBAJA DE LA LISTA DE DISTRIBUCI\u00d3N\u201d.<\/p>\n\n\n\n<p><br>As\u00ed mismo, podr\u00e1 ejercer los derechos establecidos en el Reglamento General de Protecci\u00f3n de Datos de la Uni\u00f3n Europea, presentando o enviado una solicitud por escrito, dirigida a Avenida Vilafortuny, 63 43850 CAMBRILS (TARRAGONA), o a trav\u00e9s de correo electr\u00f3nico a noa@noahommikukuma.com y acompa\u00f1ada de una fotocopia de su DNI o documento acreditativo equivalente e indicando en el asunto \u201cPROTECCI\u00d3N DE DATOS\u201c.<\/p>\n\n\n\n<h3 class=\"wp-block-heading\"><a><\/a>PRIVAATSUSE POLIITIKA<\/h3>\n\n\n\n<p>NOA on eriti tundlik kasutajate andmete ja veebiportaali kaudu k\u00e4ttesaadavate teenuste kaitse suhtes. K\u00e4esoleva privaatsuspoliitikaga (poliitika) teavitab doradocardenas.com kasutajaid sellest, kuidas veebis kogutud isikuandmeid t\u00f6\u00f6deldakse ja kasutatakse, nii et nad saaksid vabalt ja vabatahtlikult otsustada, kas nad soovivad esitada n\u00f5utud teavet.<\/p>\n\n\n\n<p>NOA peab isikuandmete kaitse tagamist v\u00e4ga oluliseks. Seet\u00f5ttu, et kaitsta k\u00f5igi huvitatud isikute (andmesubjektide) eraelu puutumatust ja intiimsust, kuulutame k\u00e4esolevaga v\u00e4lja k\u00e4esoleva privaatsuspoliitika, millega kohustume tagama isikuandmete kaitse valdkonnas kohaldatavates \u00f5igusaktides ja m\u00e4\u00e4rustes s\u00e4testatud \u00f5iguslike n\u00f5uete t\u00e4itmise.<\/p>\n\n\n\n<p>Seet\u00f5ttu on NOA Informa koosk\u00f5las isikuandmete kaitse \u00fcldm\u00e4\u00e4rusega:<\/p>\n\n\n\n<h3 class=\"wp-block-heading\"><a><\/a>1-Omanikuks olevad failid<\/h3>\n\n\n\n<p>NOA HOMMIKUKUMA, S.L. asukohaga Avenida Vilafortuny, 63 43850 CAMBRILS (TARRAGONA).<\/p>\n\n\n\n<h3 class=\"wp-block-heading\"><a><\/a>2-kogumine ja ravi<\/h3>\n\n\n\n<p>Faili peamine omadus on:<\/p>\n\n\n\n<h4 class=\"wp-block-heading\"><a><\/a>2.1- Eesm\u00e4rk<\/h4>\n\n\n\n<p>Andmete kogumise ja faili lisamise eesm\u00e4rk on j\u00e4rgmine:<\/p>\n\n\n\n<ol class=\"wp-block-list\">\n<li>Esitage huvitatud isikute poolt n\u00f5utud teave veebisaidil olevas vormis v\u00f5i k\u00fcsimustikus.<\/li>\n\n\n\n<li>Lahendage t\u00f5statatud k\u00fcsimused.<\/li>\n\n\n\n<li>Ja saata neile teavet meie toodete v\u00f5i teenuste kohta NOA portaalis.<\/li>\n<\/ol>\n\n\n\n<h4 class=\"wp-block-heading\"><a><\/a>2.2-Treatment Officer<\/h4>\n\n\n\n<p>Juhul, kui sellele failile p\u00e4\u00e4sevad ligi kolmandad isikud, kellega on kohustus s\u00f5lmida leping, s\u00f5lmitakse selline leping Euroopa Liidu isikuandmete kaitse \u00fcldm\u00e4\u00e4ruse tingimuste kohaselt, mis reguleerib lepinguliselt isikuandmete kasutamist ja konfidentsiaalsust vastavalt kehtivate \u00f5igusaktide s\u00e4tetele.<em><\/em><\/p>\n\n\n\n<h4 class=\"wp-block-heading\"><a><\/a>2.3-Soovitus<\/h4>\n\n\n\n<p>Eespool nimetatud veebisaidil olevate erinevate vormide t\u00e4itmisega annab huvitatud isik n\u00f5usoleku, et tema esitatud isikuandmed lisatakse eespool nimetatud faili ja neid t\u00f6\u00f6deldakse vastavalt k\u00e4esolevale privaatsuspoliitikale. Samuti annab huvitatud isik n\u00f5usoleku, et NOA saadab perioodiliselt teavet ning teavitab meie pakkumistest ja teenustest.<\/p>\n\n\n\n<p>Si bien en cualquier momento podr\u00e1 oponerse a este tipo de env\u00edos, enviando un correo electr\u00f3nico a la direcci\u00f3n noa@noahommikukuma.com indicando en el asunto \u201cBAJA DE LA LISTA DE DISTRIBUCI\u00d3N\u201d.<\/p>\n\n\n\n<h3 class=\"wp-block-heading\"><a><\/a>3-julgeolekumeetmed<\/h3>\n\n\n\n<p>NOA on v\u00f5tnud isikuandmete kaitseks vastu seadusega n\u00f5utud turvatasemed ning v\u00f5tnud k\u00f5ik v\u00f5imalikud tehnilised vahendid ja meetmed, et v\u00e4ltida isikuandmete kadumist, v\u00e4\u00e4rkasutamist, muutmist, loata juurdep\u00e4\u00e4su ja vargust.<\/p>\n\n\n\n<h3 class=\"wp-block-heading\"><a><\/a>4- \u00d5igus juurdep\u00e4\u00e4sule, parandamisele, vastuseisule, kustutamisele, t\u00f6\u00f6tlemise piiramisele, \u00fclekantavusele, mitte alluda automatiseeritud \u00fcksikotsuste tegemisele.<\/h3>\n\n\n\n<p>Huvitatud isikud, kes on failis sisalduvate andmete omanikud, samuti NOA omandis olevates failides sisalduvate andmete omanikud v\u00f5ivad v\u00f5tta \u00fchendust \u00fcksusega kui failide eest vastutava isikuga, et kasutada oma \u00f5igusi seoses t\u00f6\u00f6tlemisel sisalduvate andmetega. Need \u00f5igused on \"<em>v\u00e4ga isiklik<\/em>\"Seet\u00f5ttu v\u00f5ib neid kasutada ainult huvitatud isik ise v\u00f5i tema seaduslik esindaja, kui tema isik on akrediteeritud, v\u00f5i kui see on asjakohane, siis ainult siis, kui on t\u00f5endatud tema esindatuse piisavus.<\/p>\n\n\n\n<p>A.- Juurdep\u00e4\u00e4su\u00f5igus, mida tuleb kasutada igal aastal, v\u00e4lja arvatud akrediteeritud \u00f5igustatud huvi korral. Juurdep\u00e4\u00e4su\u00f5iguse kasutamisel v\u00f5ib andmesubjekt valida j\u00e4rgmised faili vaatamise s\u00fcsteemid:<\/p>\n\n\n\n<ul class=\"wp-block-list\">\n<li>Saatke e-kiri aadressil: <a href=\"mailto:noa@noahommikukuma.com\">noa@noahommikukuma.com<\/a>.<\/li>\n\n\n\n<li>Kirjalik teatis, mis on adresseeritud aadressil: NOA HOMMIKUKUMA, S.L., Avenida Vilafortuny, 63 43850 CAMBRILS (TARRAGONA).<\/li>\n<\/ul>\n\n\n\n<p>NOA teatab oma otsuse \u00fche kuu jooksul. Kui otsus on positiivne, v\u00f5ib huvitatud isik p\u00e4\u00e4seda teabele ligi 10 p\u00e4eva jooksul p\u00e4rast teavitamist.<\/p>\n\n\n\n<p>B.- Parandamise ja kustutamise \u00f5igust v\u00f5ib kasutada vastavalt j\u00e4rgmistele s\u00e4tetele, kui huvitatud isik leiab, et meie toimikutes kogutud andmed on <em>ebat\u00e4pne, ebat\u00e4ielik, ebapiisav v\u00f5i liigne<\/em>. Sellisel juhul v\u00f5ite neid kasutada mis tahes eespool kirjeldatud viisil.<\/p>\n\n\n\n<p>NOA teeb paranduse v\u00f5i kustutamise 10 p\u00e4eva jooksul p\u00e4rast taotluse saamist.<\/p>\n\n\n\n<h3 class=\"wp-block-heading\"><a><\/a>5- M\u00e4\u00e4ruste muutmine<\/h3>\n\n\n\n<p>NOA j\u00e4tab endale \u00f5iguse muuta k\u00e4esolevat poliitikat, et kohandada seda uute \u00f5iguslike v\u00f5i kohtupraktiliste arengutega, samuti nende arengutega, mis v\u00f5ivad tuleneda olemasolevatest \"standardkoodeksitest\" sel teemal. Sellistest muudatustest teavitatakse meie veebisaidil vajaliku etteteatamisega, ilma et see piiraks asjaomaste isikute vajaliku n\u00f5usoleku n\u00f5udmist, kui seda ei peeta k\u00e4esoleva poliitika tingimuste kohaselt antud olevaks.<\/p>\n\n\n\n<p>Kui teil on nende m\u00e4\u00e4ruste kohta kahtlusi, k\u00fcsimusi v\u00f5i m\u00e4rkusi, v\u00f5tke meiega \u00fchendust: <a href=\"mailto:noa@noahommikukuma.com\">noa@noahommikukuma.com<\/a>.<\/p>","protected":false},"excerpt":{"rendered":"<p>De conformidad a lo establecido por el Reglamento General de Protecci\u00f3n de Datos de la Uni\u00f3n Europea (RGPD), le informamos que los datos personales facilitados a trav\u00e9s de los formularios, as\u00ed como su direcci\u00f3n de correo electr\u00f3nico, han sido incluidos en un fichero titularidad de Avenida Vilafortuny, 63 43850 CAMBRILS (TARRAGONA), NIF B55708093, noa@noahommikukuma.com con [&hellip;]<\/p>","protected":false},"author":1,"featured_media":0,"parent":0,"menu_order":0,"comment_status":"closed","ping_status":"closed","template":"","meta":{"_joinchat":[],"footnotes":""},"class_list":["post-5629","page","type-page","status-publish","hentry"],"yoast_head":"<!-- This site is optimized with the Yoast SEO plugin v25.1 - https:\/\/yoast.com\/wordpress\/plugins\/seo\/ -->\n<title>Pol\u00edtica De Privacidad - Noa Hommikukuma<\/title>\n<meta name=\"robots\" content=\"index, follow, max-snippet:-1, max-image-preview:large, max-video-preview:-1\" \/>\n<link rel=\"canonical\" href=\"https:\/\/noahommikukuma-com-431846.hostingersite.com\/politica-de-privacidad\/\" \/>\n<meta property=\"og:locale\" content=\"et_EE\" \/>\n<meta property=\"og:type\" content=\"article\" \/>\n<meta property=\"og:title\" content=\"Pol\u00edtica De Privacidad - Noa Hommikukuma\" \/>\n<meta property=\"og:description\" content=\"De conformidad a lo establecido por el Reglamento General de Protecci\u00f3n de Datos de la Uni\u00f3n Europea (RGPD), le informamos que los datos personales facilitados a trav\u00e9s de los formularios, as\u00ed como su direcci\u00f3n de correo electr\u00f3nico, han sido incluidos en un fichero titularidad de Avenida Vilafortuny, 63 43850 CAMBRILS (TARRAGONA), NIF B55708093, noa@noahommikukuma.com con [&hellip;]\" \/>\n<meta property=\"og:url\" content=\"https:\/\/noahommikukuma-com-431846.hostingersite.com\/politica-de-privacidad\/\" \/>\n<meta property=\"og:site_name\" content=\"Noa Hommikukuma\" \/>\n<meta property=\"article:publisher\" content=\"https:\/\/www.facebook.com\/noamanagement\/\" \/>\n<meta name=\"twitter:card\" content=\"summary_large_image\" \/>\n<meta name=\"twitter:label1\" content=\"Est. reading time\" \/>\n\t<meta name=\"twitter:data1\" content=\"6 minutit\" \/>\n<script type=\"application\/ld+json\" class=\"yoast-schema-graph\">{\"@context\":\"https:\/\/schema.org\",\"@graph\":[{\"@type\":\"WebPage\",\"@id\":\"https:\/\/noahommikukuma-com-431846.hostingersite.com\/politica-de-privacidad\/\",\"url\":\"https:\/\/noahommikukuma-com-431846.hostingersite.com\/politica-de-privacidad\/\",\"name\":\"Pol\u00edtica De Privacidad - Noa Hommikukuma\",\"isPartOf\":{\"@id\":\"https:\/\/noahommikukuma-com-431846.hostingersite.com\/#website\"},\"datePublished\":\"2024-10-10T11:58:58+00:00\",\"breadcrumb\":{\"@id\":\"https:\/\/noahommikukuma-com-431846.hostingersite.com\/politica-de-privacidad\/#breadcrumb\"},\"inLanguage\":\"et\",\"potentialAction\":[{\"@type\":\"ReadAction\",\"target\":[\"https:\/\/noahommikukuma-com-431846.hostingersite.com\/politica-de-privacidad\/\"]}]},{\"@type\":\"BreadcrumbList\",\"@id\":\"https:\/\/noahommikukuma-com-431846.hostingersite.com\/politica-de-privacidad\/#breadcrumb\",\"itemListElement\":[{\"@type\":\"ListItem\",\"position\":1,\"name\":\"Portada\",\"item\":\"https:\/\/noahommikukuma.com\/\"},{\"@type\":\"ListItem\",\"position\":2,\"name\":\"Pol\u00edtica De Privacidad\"}]},{\"@type\":\"WebSite\",\"@id\":\"https:\/\/noahommikukuma-com-431846.hostingersite.com\/#website\",\"url\":\"https:\/\/noahommikukuma-com-431846.hostingersite.com\/\",\"name\":\"Noa Hommikukuma\",\"description\":\"Expertos en Promociones Inmobiliarias\",\"publisher\":{\"@id\":\"https:\/\/noahommikukuma-com-431846.hostingersite.com\/#organization\"},\"potentialAction\":[{\"@type\":\"SearchAction\",\"target\":{\"@type\":\"EntryPoint\",\"urlTemplate\":\"https:\/\/noahommikukuma-com-431846.hostingersite.com\/?s={search_term_string}\"},\"query-input\":{\"@type\":\"PropertyValueSpecification\",\"valueRequired\":true,\"valueName\":\"search_term_string\"}}],\"inLanguage\":\"et\"},{\"@type\":\"Organization\",\"@id\":\"https:\/\/noahommikukuma-com-431846.hostingersite.com\/#organization\",\"name\":\"Noa Hommikukuma\",\"url\":\"https:\/\/noahommikukuma-com-431846.hostingersite.com\/\",\"logo\":{\"@type\":\"ImageObject\",\"inLanguage\":\"et\",\"@id\":\"https:\/\/noahommikukuma-com-431846.hostingersite.com\/#\/schema\/logo\/image\/\",\"url\":\"https:\/\/noahommikukuma.com\/wp-content\/uploads\/2024\/09\/NOAlogoBlack.png\",\"contentUrl\":\"https:\/\/noahommikukuma.com\/wp-content\/uploads\/2024\/09\/NOAlogoBlack.png\",\"width\":4251,\"height\":4251,\"caption\":\"Noa Hommikukuma\"},\"image\":{\"@id\":\"https:\/\/noahommikukuma-com-431846.hostingersite.com\/#\/schema\/logo\/image\/\"},\"sameAs\":[\"https:\/\/www.facebook.com\/noamanagement\/\",\"https:\/\/www.instagram.com\/noa.mgmt\/\",\"https:\/\/www.tiktok.com\/@noa.management\"]}]}<\/script>\n<!-- \/ Yoast SEO plugin. -->","yoast_head_json":{"title":"Pol\u00edtica De Privacidad - Noa Hommikukuma","robots":{"index":"index","follow":"follow","max-snippet":"max-snippet:-1","max-image-preview":"max-image-preview:large","max-video-preview":"max-video-preview:-1"},"canonical":"https:\/\/noahommikukuma-com-431846.hostingersite.com\/politica-de-privacidad\/","og_locale":"et_EE","og_type":"article","og_title":"Pol\u00edtica De Privacidad - Noa Hommikukuma","og_description":"De conformidad a lo establecido por el Reglamento General de Protecci\u00f3n de Datos de la Uni\u00f3n Europea (RGPD), le informamos que los datos personales facilitados a trav\u00e9s de los formularios, as\u00ed como su direcci\u00f3n de correo electr\u00f3nico, han sido incluidos en un fichero titularidad de Avenida Vilafortuny, 63 43850 CAMBRILS (TARRAGONA), NIF B55708093, noa@noahommikukuma.com con [&hellip;]","og_url":"https:\/\/noahommikukuma-com-431846.hostingersite.com\/politica-de-privacidad\/","og_site_name":"Noa Hommikukuma","article_publisher":"https:\/\/www.facebook.com\/noamanagement\/","twitter_card":"summary_large_image","twitter_misc":{"Est. reading time":"6 minutit"},"schema":{"@context":"https:\/\/schema.org","@graph":[{"@type":"WebPage","@id":"https:\/\/noahommikukuma-com-431846.hostingersite.com\/politica-de-privacidad\/","url":"https:\/\/noahommikukuma-com-431846.hostingersite.com\/politica-de-privacidad\/","name":"Pol\u00edtica De Privacidad - Noa Hommikukuma","isPartOf":{"@id":"https:\/\/noahommikukuma-com-431846.hostingersite.com\/#website"},"datePublished":"2024-10-10T11:58:58+00:00","breadcrumb":{"@id":"https:\/\/noahommikukuma-com-431846.hostingersite.com\/politica-de-privacidad\/#breadcrumb"},"inLanguage":"et","potentialAction":[{"@type":"ReadAction","target":["https:\/\/noahommikukuma-com-431846.hostingersite.com\/politica-de-privacidad\/"]}]},{"@type":"BreadcrumbList","@id":"https:\/\/noahommikukuma-com-431846.hostingersite.com\/politica-de-privacidad\/#breadcrumb","itemListElement":[{"@type":"ListItem","position":1,"name":"Portada","item":"https:\/\/noahommikukuma.com\/"},{"@type":"ListItem","position":2,"name":"Pol\u00edtica De Privacidad"}]},{"@type":"WebSite","@id":"https:\/\/noahommikukuma-com-431846.hostingersite.com\/#website","url":"https:\/\/noahommikukuma-com-431846.hostingersite.com\/","name":"Noa Hommikukuma","description":"Expertos en Promociones Inmobiliarias","publisher":{"@id":"https:\/\/noahommikukuma-com-431846.hostingersite.com\/#organization"},"potentialAction":[{"@type":"SearchAction","target":{"@type":"EntryPoint","urlTemplate":"https:\/\/noahommikukuma-com-431846.hostingersite.com\/?s={search_term_string}"},"query-input":{"@type":"PropertyValueSpecification","valueRequired":true,"valueName":"search_term_string"}}],"inLanguage":"et"},{"@type":"Organization","@id":"https:\/\/noahommikukuma-com-431846.hostingersite.com\/#organization","name":"Noa Hommikukuma","url":"https:\/\/noahommikukuma-com-431846.hostingersite.com\/","logo":{"@type":"ImageObject","inLanguage":"et","@id":"https:\/\/noahommikukuma-com-431846.hostingersite.com\/#\/schema\/logo\/image\/","url":"https:\/\/noahommikukuma.com\/wp-content\/uploads\/2024\/09\/NOAlogoBlack.png","contentUrl":"https:\/\/noahommikukuma.com\/wp-content\/uploads\/2024\/09\/NOAlogoBlack.png","width":4251,"height":4251,"caption":"Noa Hommikukuma"},"image":{"@id":"https:\/\/noahommikukuma-com-431846.hostingersite.com\/#\/schema\/logo\/image\/"},"sameAs":["https:\/\/www.facebook.com\/noamanagement\/","https:\/\/www.instagram.com\/noa.mgmt\/","https:\/\/www.tiktok.com\/@noa.management"]}]}},"_links":{"self":[{"href":"https:\/\/noahommikukuma.com\/et\/wp-json\/wp\/v2\/pages\/5629","targetHints":{"allow":["GET"]}}],"collection":[{"href":"https:\/\/noahommikukuma.com\/et\/wp-json\/wp\/v2\/pages"}],"about":[{"href":"https:\/\/noahommikukuma.com\/et\/wp-json\/wp\/v2\/types\/page"}],"author":[{"embeddable":true,"href":"https:\/\/noahommikukuma.com\/et\/wp-json\/wp\/v2\/users\/1"}],"replies":[{"embeddable":true,"href":"https:\/\/noahommikukuma.com\/et\/wp-json\/wp\/v2\/comments?post=5629"}],"version-history":[{"count":2,"href":"https:\/\/noahommikukuma.com\/et\/wp-json\/wp\/v2\/pages\/5629\/revisions"}],"predecessor-version":[{"id":5926,"href":"https:\/\/noahommikukuma.com\/et\/wp-json\/wp\/v2\/pages\/5629\/revisions\/5926"}],"wp:attachment":[{"href":"https:\/\/noahommikukuma.com\/et\/wp-json\/wp\/v2\/media?parent=5629"}],"curies":[{"name":"wp","href":"https:\/\/api.w.org\/{rel}","templated":true}]}}