{"id":5748,"date":"2025-06-24T10:21:04","date_gmt":"2025-06-24T10:21:04","guid":{"rendered":"https:\/\/noahommikukuma.com\/?page_id=5748"},"modified":"2025-06-24T10:22:00","modified_gmt":"2025-06-24T10:22:00","slug":"blog","status":"publish","type":"page","link":"https:\/\/noahommikukuma.com\/en\/blog\/","title":{"rendered":"Blog"},"content":{"rendered":"<div data-elementor-type=\"wp-page\" data-elementor-id=\"5748\" class=\"elementor elementor-5748\">\n\t\t\t\t<div class=\"elementor-element elementor-element-3fefc1e e-flex e-con-boxed e-con e-parent\" data-id=\"3fefc1e\" data-element_type=\"container\" data-e-type=\"container\">\n\t\t\t\t\t<div class=\"e-con-inner\">\n\t\t\t\t<div class=\"elementor-element elementor-element-dd7d99e elementor-widget elementor-widget-wgl-blog\" data-id=\"dd7d99e\" data-element_type=\"widget\" data-e-type=\"widget\" data-settings=\"{&quot;blog_columns&quot;:&quot;4&quot;}\" data-widget_type=\"wgl-blog.default\">\n\t\t\t\t<div class=\"elementor-widget-container\">\n\t\t\t\t\t<section class=\"wgl_cpt_section\"><div class=\"blog-posts\"><div class=\"container-grid row blog_columns-3 grid blog-style-standard\">    <div class=\"item wgl_col-4\">\n    <div class=\"blog-post format-standard-image\">\n    <div class=\"blog-post_wrapper\"><div class=\"blog-post_media\"><div class=\"blog-post_media_part\"><a href=\"https:\/\/noahommikukuma.com\/en\/buy-house-spain-estonians\/\" class=\"media-link image-overlay\"><img decoding=\"async\" src=\"https:\/\/noahommikukuma.com\/wp-content\/uploads\/2024\/08\/Fuengirola2-1-scaled-1-1170x700.jpg\" alt=\"How to Buy a House in Spain as an Estonian: Step-by-Step Guide\"><\/a><\/div><span class=\"post_date\">July 20, 2025<\/span><\/div>    <div class=\"blog-post_content\"><div class=\"post_meta-wrap\"><div class=\"meta-data\"><span class=\"post_categories\"><span><a  href=\"https:\/\/noahommikukuma.com\/en\/category\/consejos-y-noticias\/\" >Tips and News<\/a><\/span><\/span><\/div><\/div><h3 class=\"blog-post_title\"><a href=\"https:\/\/noahommikukuma.com\/en\/buy-house-spain-estonians\/\">How to Buy a House in Spain as an Estonian: Step-by-Step Guide<\/a><\/h3><div class=\"blog-post_text\">Invertir en calidad de vida: por qu\u00e9 cada vez m\u00e1s estonios compran casa en Espa\u00f1a\n\t\tEspa\u00f1a contin\u00faa atrayendo a compradores extranjeros: en 2024 se registraron cerca de 93.000 operaciones...<\/div><div class=\"clear\"><\/div><div class=\"blog-post_footer\">            <div class=\"read-more-wrap\">\n                <a href=\"https:\/\/noahommikukuma.com\/en\/buy-house-spain-estonians\/\" class=\"button-read-more\"><span>Read more<\/span>                <\/a>\n            <\/div><div class=\"post_meta-wrap\"><\/div>    <\/div>\n    <\/div>\n    <\/div>\n    <\/div>\n    <\/div>    <div class=\"item wgl_col-4\">\n    <div class=\"blog-post format-standard-image\">\n    <div class=\"blog-post_wrapper\"><div class=\"blog-post_media\"><div class=\"blog-post_media_part\"><a href=\"https:\/\/noahommikukuma.com\/en\/estonian-buyers-property-in-spain\/\" class=\"media-link image-overlay\"><img decoding=\"async\" src=\"https:\/\/noahommikukuma.com\/wp-content\/uploads\/2023\/07\/blog-s2-1170x700.jpg\" alt=\"blog-s2\"><\/a><\/div><span class=\"post_date\">June 24, 2025<\/span><\/div>    <div class=\"blog-post_content\"><div class=\"post_meta-wrap\"><div class=\"meta-data\"><span class=\"post_categories\"><span><a  href=\"https:\/\/noahommikukuma.com\/en\/category\/consejos-y-noticias\/\" >Tips and News<\/a><\/span><\/span><\/div><\/div><h3 class=\"blog-post_title\"><a href=\"https:\/\/noahommikukuma.com\/en\/estonian-buyers-property-in-spain\/\">Why More Estonians Are Buying Property in Spain<\/a><\/h3><div class=\"blog-post_text\">Discover why Spain is becoming a top destination for Estonian property buyers. Climate, prices, lifestyle and the best areas to invest in 2025.<\/div><div class=\"clear\"><\/div><div class=\"blog-post_footer\">            <div class=\"read-more-wrap\">\n                <a href=\"https:\/\/noahommikukuma.com\/en\/estonian-buyers-property-in-spain\/\" class=\"button-read-more\"><span>Read more<\/span>                <\/a>\n            <\/div><div class=\"post_meta-wrap\"><\/div>    <\/div>\n    <\/div>\n    <\/div>\n    <\/div>\n    <\/div><\/div><\/div><\/section>\t\t\t\t<\/div>\n\t\t\t\t<\/div>\n\t\t\t\t\t<\/div>\n\t\t\t\t<\/div>\n\t\t\t\t<\/div>","protected":false},"excerpt":{"rendered":"<p>julio 13, 2023 Consejos y noticias Inmobiliaria en Espa\u00f1a: \u00bfPor qu\u00e9 cada vez m\u00e1s estonios compran casa aqu\u00ed? Descubre por qu\u00e9 el mercado inmobiliario espa\u00f1ol se est\u00e1 volviendo cada vez m\u00e1s popular entre los compradores estonios.Pille Adusoo En los \u00faltimos a\u00f1os, cada vez m\u00e1s&#8230; Leer m\u00e1s<\/p>","protected":false},"author":4,"featured_media":0,"parent":0,"menu_order":0,"comment_status":"closed","ping_status":"closed","template":"","meta":{"_joinchat":[],"footnotes":""},"class_list":["post-5748","page","type-page","status-publish","hentry"],"yoast_head":"<!-- This site is optimized with the Yoast SEO plugin v25.1 - https:\/\/yoast.com\/wordpress\/plugins\/seo\/ -->\n<title>Blog - Noa Hommikukuma<\/title>\n<meta name=\"robots\" content=\"index, follow, max-snippet:-1, max-image-preview:large, max-video-preview:-1\" \/>\n<link rel=\"canonical\" href=\"https:\/\/noahommikukuma-com-431846.hostingersite.com\/blog\/\" \/>\n<meta property=\"og:locale\" content=\"en_US\" \/>\n<meta property=\"og:type\" content=\"article\" \/>\n<meta property=\"og:title\" content=\"Blog - Noa Hommikukuma\" \/>\n<meta property=\"og:description\" content=\"julio 13, 2023 Consejos y noticias Inmobiliaria en Espa\u00f1a: \u00bfPor qu\u00e9 cada vez m\u00e1s estonios compran casa aqu\u00ed? Descubre por qu\u00e9 el mercado inmobiliario espa\u00f1ol se est\u00e1 volviendo cada vez m\u00e1s popular entre los compradores estonios.Pille Adusoo En los \u00faltimos a\u00f1os, cada vez m\u00e1s&#8230; Leer m\u00e1s\" \/>\n<meta property=\"og:url\" content=\"https:\/\/noahommikukuma-com-431846.hostingersite.com\/blog\/\" \/>\n<meta property=\"og:site_name\" content=\"Noa Hommikukuma\" \/>\n<meta property=\"article:publisher\" content=\"https:\/\/www.facebook.com\/noamanagement\/\" \/>\n<meta property=\"article:modified_time\" content=\"2025-06-24T10:22:00+00:00\" \/>\n<meta property=\"og:image\" content=\"https:\/\/noahommikukuma-com-431846.hostingersite.com\/wp-content\/uploads\/2023\/07\/blog-s2-1170x700.jpg\" \/>\n<meta name=\"twitter:card\" content=\"summary_large_image\" \/>\n<meta name=\"twitter:label1\" content=\"Est. reading time\" \/>\n\t<meta name=\"twitter:data1\" content=\"1 minute\" \/>\n<script type=\"application\/ld+json\" class=\"yoast-schema-graph\">{\"@context\":\"https:\/\/schema.org\",\"@graph\":[{\"@type\":\"WebPage\",\"@id\":\"https:\/\/noahommikukuma-com-431846.hostingersite.com\/blog\/\",\"url\":\"https:\/\/noahommikukuma-com-431846.hostingersite.com\/blog\/\",\"name\":\"Blog - Noa Hommikukuma\",\"isPartOf\":{\"@id\":\"https:\/\/noahommikukuma-com-431846.hostingersite.com\/#website\"},\"primaryImageOfPage\":{\"@id\":\"https:\/\/noahommikukuma-com-431846.hostingersite.com\/blog\/#primaryimage\"},\"image\":{\"@id\":\"https:\/\/noahommikukuma-com-431846.hostingersite.com\/blog\/#primaryimage\"},\"thumbnailUrl\":\"https:\/\/noahommikukuma.com\/wp-content\/uploads\/2023\/07\/blog-s2-1170x700.jpg\",\"datePublished\":\"2025-06-24T10:21:04+00:00\",\"dateModified\":\"2025-06-24T10:22:00+00:00\",\"breadcrumb\":{\"@id\":\"https:\/\/noahommikukuma-com-431846.hostingersite.com\/blog\/#breadcrumb\"},\"inLanguage\":\"en-US\",\"potentialAction\":[{\"@type\":\"ReadAction\",\"target\":[\"https:\/\/noahommikukuma-com-431846.hostingersite.com\/blog\/\"]}]},{\"@type\":\"ImageObject\",\"inLanguage\":\"en-US\",\"@id\":\"https:\/\/noahommikukuma-com-431846.hostingersite.com\/blog\/#primaryimage\",\"url\":\"https:\/\/noahommikukuma.com\/wp-content\/uploads\/2023\/07\/blog-s2-1170x700.jpg\",\"contentUrl\":\"https:\/\/noahommikukuma.com\/wp-content\/uploads\/2023\/07\/blog-s2-1170x700.jpg\"},{\"@type\":\"BreadcrumbList\",\"@id\":\"https:\/\/noahommikukuma-com-431846.hostingersite.com\/blog\/#breadcrumb\",\"itemListElement\":[{\"@type\":\"ListItem\",\"position\":1,\"name\":\"Portada\",\"item\":\"https:\/\/noahommikukuma.com\/\"},{\"@type\":\"ListItem\",\"position\":2,\"name\":\"Blog\"}]},{\"@type\":\"WebSite\",\"@id\":\"https:\/\/noahommikukuma-com-431846.hostingersite.com\/#website\",\"url\":\"https:\/\/noahommikukuma-com-431846.hostingersite.com\/\",\"name\":\"Noa Hommikukuma\",\"description\":\"Expertos en Promociones Inmobiliarias\",\"publisher\":{\"@id\":\"https:\/\/noahommikukuma-com-431846.hostingersite.com\/#organization\"},\"potentialAction\":[{\"@type\":\"SearchAction\",\"target\":{\"@type\":\"EntryPoint\",\"urlTemplate\":\"https:\/\/noahommikukuma-com-431846.hostingersite.com\/?s={search_term_string}\"},\"query-input\":{\"@type\":\"PropertyValueSpecification\",\"valueRequired\":true,\"valueName\":\"search_term_string\"}}],\"inLanguage\":\"en-US\"},{\"@type\":\"Organization\",\"@id\":\"https:\/\/noahommikukuma-com-431846.hostingersite.com\/#organization\",\"name\":\"Noa Hommikukuma\",\"url\":\"https:\/\/noahommikukuma-com-431846.hostingersite.com\/\",\"logo\":{\"@type\":\"ImageObject\",\"inLanguage\":\"en-US\",\"@id\":\"https:\/\/noahommikukuma-com-431846.hostingersite.com\/#\/schema\/logo\/image\/\",\"url\":\"https:\/\/noahommikukuma.com\/wp-content\/uploads\/2024\/09\/NOAlogoBlack.png\",\"contentUrl\":\"https:\/\/noahommikukuma.com\/wp-content\/uploads\/2024\/09\/NOAlogoBlack.png\",\"width\":4251,\"height\":4251,\"caption\":\"Noa Hommikukuma\"},\"image\":{\"@id\":\"https:\/\/noahommikukuma-com-431846.hostingersite.com\/#\/schema\/logo\/image\/\"},\"sameAs\":[\"https:\/\/www.facebook.com\/noamanagement\/\",\"https:\/\/www.instagram.com\/noa.mgmt\/\",\"https:\/\/www.tiktok.com\/@noa.management\"]}]}<\/script>\n<!-- \/ Yoast SEO plugin. -->","yoast_head_json":{"title":"Blog - Noa Hommikukuma","robots":{"index":"index","follow":"follow","max-snippet":"max-snippet:-1","max-image-preview":"max-image-preview:large","max-video-preview":"max-video-preview:-1"},"canonical":"https:\/\/noahommikukuma-com-431846.hostingersite.com\/blog\/","og_locale":"en_US","og_type":"article","og_title":"Blog - Noa Hommikukuma","og_description":"julio 13, 2023 Consejos y noticias Inmobiliaria en Espa\u00f1a: \u00bfPor qu\u00e9 cada vez m\u00e1s estonios compran casa aqu\u00ed? Descubre por qu\u00e9 el mercado inmobiliario espa\u00f1ol se est\u00e1 volviendo cada vez m\u00e1s popular entre los compradores estonios.Pille Adusoo En los \u00faltimos a\u00f1os, cada vez m\u00e1s&#8230; Leer m\u00e1s","og_url":"https:\/\/noahommikukuma-com-431846.hostingersite.com\/blog\/","og_site_name":"Noa Hommikukuma","article_publisher":"https:\/\/www.facebook.com\/noamanagement\/","article_modified_time":"2025-06-24T10:22:00+00:00","og_image":[{"url":"https:\/\/noahommikukuma-com-431846.hostingersite.com\/wp-content\/uploads\/2023\/07\/blog-s2-1170x700.jpg","type":"","width":"","height":""}],"twitter_card":"summary_large_image","twitter_misc":{"Est. reading time":"1 minute"},"schema":{"@context":"https:\/\/schema.org","@graph":[{"@type":"WebPage","@id":"https:\/\/noahommikukuma-com-431846.hostingersite.com\/blog\/","url":"https:\/\/noahommikukuma-com-431846.hostingersite.com\/blog\/","name":"Blog - Noa Hommikukuma","isPartOf":{"@id":"https:\/\/noahommikukuma-com-431846.hostingersite.com\/#website"},"primaryImageOfPage":{"@id":"https:\/\/noahommikukuma-com-431846.hostingersite.com\/blog\/#primaryimage"},"image":{"@id":"https:\/\/noahommikukuma-com-431846.hostingersite.com\/blog\/#primaryimage"},"thumbnailUrl":"https:\/\/noahommikukuma.com\/wp-content\/uploads\/2023\/07\/blog-s2-1170x700.jpg","datePublished":"2025-06-24T10:21:04+00:00","dateModified":"2025-06-24T10:22:00+00:00","breadcrumb":{"@id":"https:\/\/noahommikukuma-com-431846.hostingersite.com\/blog\/#breadcrumb"},"inLanguage":"en-US","potentialAction":[{"@type":"ReadAction","target":["https:\/\/noahommikukuma-com-431846.hostingersite.com\/blog\/"]}]},{"@type":"ImageObject","inLanguage":"en-US","@id":"https:\/\/noahommikukuma-com-431846.hostingersite.com\/blog\/#primaryimage","url":"https:\/\/noahommikukuma.com\/wp-content\/uploads\/2023\/07\/blog-s2-1170x700.jpg","contentUrl":"https:\/\/noahommikukuma.com\/wp-content\/uploads\/2023\/07\/blog-s2-1170x700.jpg"},{"@type":"BreadcrumbList","@id":"https:\/\/noahommikukuma-com-431846.hostingersite.com\/blog\/#breadcrumb","itemListElement":[{"@type":"ListItem","position":1,"name":"Portada","item":"https:\/\/noahommikukuma.com\/"},{"@type":"ListItem","position":2,"name":"Blog"}]},{"@type":"WebSite","@id":"https:\/\/noahommikukuma-com-431846.hostingersite.com\/#website","url":"https:\/\/noahommikukuma-com-431846.hostingersite.com\/","name":"Noa Hommikukuma","description":"Expertos en Promociones Inmobiliarias","publisher":{"@id":"https:\/\/noahommikukuma-com-431846.hostingersite.com\/#organization"},"potentialAction":[{"@type":"SearchAction","target":{"@type":"EntryPoint","urlTemplate":"https:\/\/noahommikukuma-com-431846.hostingersite.com\/?s={search_term_string}"},"query-input":{"@type":"PropertyValueSpecification","valueRequired":true,"valueName":"search_term_string"}}],"inLanguage":"en-US"},{"@type":"Organization","@id":"https:\/\/noahommikukuma-com-431846.hostingersite.com\/#organization","name":"Noa Hommikukuma","url":"https:\/\/noahommikukuma-com-431846.hostingersite.com\/","logo":{"@type":"ImageObject","inLanguage":"en-US","@id":"https:\/\/noahommikukuma-com-431846.hostingersite.com\/#\/schema\/logo\/image\/","url":"https:\/\/noahommikukuma.com\/wp-content\/uploads\/2024\/09\/NOAlogoBlack.png","contentUrl":"https:\/\/noahommikukuma.com\/wp-content\/uploads\/2024\/09\/NOAlogoBlack.png","width":4251,"height":4251,"caption":"Noa Hommikukuma"},"image":{"@id":"https:\/\/noahommikukuma-com-431846.hostingersite.com\/#\/schema\/logo\/image\/"},"sameAs":["https:\/\/www.facebook.com\/noamanagement\/","https:\/\/www.instagram.com\/noa.mgmt\/","https:\/\/www.tiktok.com\/@noa.management"]}]}},"_links":{"self":[{"href":"https:\/\/noahommikukuma.com\/en\/wp-json\/wp\/v2\/pages\/5748","targetHints":{"allow":["GET"]}}],"collection":[{"href":"https:\/\/noahommikukuma.com\/en\/wp-json\/wp\/v2\/pages"}],"about":[{"href":"https:\/\/noahommikukuma.com\/en\/wp-json\/wp\/v2\/types\/page"}],"author":[{"embeddable":true,"href":"https:\/\/noahommikukuma.com\/en\/wp-json\/wp\/v2\/users\/4"}],"replies":[{"embeddable":true,"href":"https:\/\/noahommikukuma.com\/en\/wp-json\/wp\/v2\/comments?post=5748"}],"version-history":[{"count":4,"href":"https:\/\/noahommikukuma.com\/en\/wp-json\/wp\/v2\/pages\/5748\/revisions"}],"predecessor-version":[{"id":5752,"href":"https:\/\/noahommikukuma.com\/en\/wp-json\/wp\/v2\/pages\/5748\/revisions\/5752"}],"wp:attachment":[{"href":"https:\/\/noahommikukuma.com\/en\/wp-json\/wp\/v2\/media?parent=5748"}],"curies":[{"name":"wp","href":"https:\/\/api.w.org\/{rel}","templated":true}]}}