{"id":5631,"date":"2024-10-10T11:59:23","date_gmt":"2024-10-10T11:59:23","guid":{"rendered":"https:\/\/noahommikukuma.com\/?page_id=5631"},"modified":"2024-10-10T11:59:23","modified_gmt":"2024-10-10T11:59:23","slug":"politica-de-cookies","status":"publish","type":"page","link":"https:\/\/noahommikukuma.com\/en\/politica-de-cookies\/","title":{"rendered":"Pol\u00edtica De Cookies"},"content":{"rendered":"<p>Una \u201cCookie\u201d es un peque\u00f1o archivo que se almacena al ordenador del usuario y nos permite reconocerlo. El conjunto de \u201ccookies\u201d nos ayuda a mejorar la calidad de nuestra web, permiti\u00e9ndonos controlar qu\u00e9 p\u00e1ginas encuentran nuestros usuarios \u00fatiles y qu\u00e9 no.<\/p>\n\n\n\n<p>Las cookies son esenciales para el funcionamiento de internet, aportando innumerables ventajas en la prestaci\u00f3n de servicios interactivos, facilit\u00e1ndole la navegaci\u00f3n y usabilidad de nuestra web. Tenga en cuenta que las cookies no pueden da\u00f1ar su equipo y que, en cambio, el que est\u00e9n activadas nos ayudan a identificar y resolver los errores.<\/p>\n\n\n\n<p>La informaci\u00f3n que le proporcionamos a continuaci\u00f3n le ayudar\u00e1 a comprender los diferentes tipos de cookies:<\/p>\n\n\n\n<p>Cookies de sesi\u00f3n: son cookies temporales que permanecen al archivo de cookies de su navegador hasta que abandone la p\u00e1gina web, por lo cual ninguno queda registrada en el disco llevar del usuario. La informaci\u00f3n obtenida por medio de estas cookies, sirven para analizar pautas de tr\u00e1fico de la web. A la larga, esto nos permite proporcionar una mejor experiencia para mejorar el contenido y facilitando su uso.<\/p>\n\n\n\n<p>Cookies permanentes: son almacenadas en el disco duro y nuestra web las lee cada vez que usted realiza una nueva visita. Una cookie permanente posee una fecha de expiraci\u00f3n determinada. La cookie dejar\u00e1 de funcionar despu\u00e9s de esta fecha. Las utilizamos generalmente, para facilitar los servicios de compra y registro.<\/p>\n\n\n\n<p>Cookies polivalentes: Una cookie puede utilizarse para varias finalidades, por lo cual \u00fanicamente podr\u00e1 estar exento del requisito de consentimiento si todas y cada una de las finalidades por las cuales se utilice est\u00e1n individualmente exentas del requisito de consentimiento.<\/p>\n\n\n\n<p>El usuario tiene la opci\u00f3n de impedir la generaci\u00f3n de \u201ccookies\u201d, mediante la selecci\u00f3n de la correspondiente opci\u00f3n a su software \u201cnavegador\u201d. Sin embargo, NOA., no se responsabiliza que la desactivaci\u00f3n de las mismas impida el buen funcionamiento de la p\u00e1gina web.<\/p>\n\n\n\n<p>Ejemplos de configuraci\u00f3n de las cookies en diferentes navegadores:<\/p>\n\n\n\n<p>Google Chrome:<\/p>\n\n\n\n<p>http:\/\/support.google.com\/chrome\/bin\/answer.py?hl=es&amp;answer=95647<br>Windows Explorer:<\/p>\n\n\n\n<p>http:\/\/windows.microsoft.com\/es-es\/windows7\/how-to-manage-cookies-in-internet-explorer-9<br>Firefox:<\/p>\n\n\n\n<p>http:\/\/support.mozilla.org\/es\/kb\/habilitar-y-deshabilitar-cookies-que-los-sitios-web<br>Apple Safari:<\/p>\n\n\n\n<p>http:\/\/support.apple.com\/kb\/ph5042<\/p>\n\n\n\n<p>Les informamos que NOA., en su dominio doradocardenas.com no utiliza ning\u00fan tipo de \u201ccookie\u201d, para el tratamiento de datos personales, que permitan la identificaci\u00f3n de personas f\u00edsicas concretas.<\/p>\n\n\n\n<p><br>Una vez le\u00edda toda la informaci\u00f3n facilitada, avisamos al usuario que, si prosigue su navegaci\u00f3n por nuestro sitio web, sin haber tomado las medidas oportunas de personalizaci\u00f3n de sus navegadores, para impedir la instalaci\u00f3n de las cookies empleadas por el mismo, en los t\u00e9rminos incluidos en el art\u00edculo 22.2 de la Ley 34\/2002 de Servicios de la Sociedad de la Informaci\u00f3n y Comercio Electr\u00f3nico, seg\u00fan la redacci\u00f3n del mismo dada por el Real Decreto 13\/2012 de 30 de marzo, por el cual se trasponen directivas en materia de mercados interiores de electricidad y gas y en materia de comunicaciones electr\u00f3nicas estar\u00e1 prestando su consentimiento para la utilizaci\u00f3n de los referidos mecanismos.<\/p>","protected":false},"excerpt":{"rendered":"<p>Una \u201cCookie\u201d es un peque\u00f1o archivo que se almacena al ordenador del usuario y nos permite reconocerlo. El conjunto de \u201ccookies\u201d nos ayuda a mejorar la calidad de nuestra web, permiti\u00e9ndonos controlar qu\u00e9 p\u00e1ginas encuentran nuestros usuarios \u00fatiles y qu\u00e9 no. Las cookies son esenciales para el funcionamiento de internet, aportando innumerables ventajas en la [&hellip;]<\/p>","protected":false},"author":1,"featured_media":0,"parent":0,"menu_order":0,"comment_status":"closed","ping_status":"closed","template":"","meta":{"_joinchat":[],"footnotes":""},"class_list":["post-5631","page","type-page","status-publish","hentry"],"yoast_head":"<!-- This site is optimized with the Yoast SEO plugin v25.1 - https:\/\/yoast.com\/wordpress\/plugins\/seo\/ -->\n<title>Pol\u00edtica De Cookies - Noa Hommikukuma<\/title>\n<meta name=\"robots\" content=\"index, follow, max-snippet:-1, max-image-preview:large, max-video-preview:-1\" \/>\n<link rel=\"canonical\" href=\"https:\/\/noahommikukuma-com-431846.hostingersite.com\/politica-de-cookies\/\" \/>\n<meta property=\"og:locale\" content=\"en_US\" \/>\n<meta property=\"og:type\" content=\"article\" \/>\n<meta property=\"og:title\" content=\"Pol\u00edtica De Cookies - Noa Hommikukuma\" \/>\n<meta property=\"og:description\" content=\"Una \u201cCookie\u201d es un peque\u00f1o archivo que se almacena al ordenador del usuario y nos permite reconocerlo. El conjunto de \u201ccookies\u201d nos ayuda a mejorar la calidad de nuestra web, permiti\u00e9ndonos controlar qu\u00e9 p\u00e1ginas encuentran nuestros usuarios \u00fatiles y qu\u00e9 no. Las cookies son esenciales para el funcionamiento de internet, aportando innumerables ventajas en la [&hellip;]\" \/>\n<meta property=\"og:url\" content=\"https:\/\/noahommikukuma-com-431846.hostingersite.com\/politica-de-cookies\/\" \/>\n<meta property=\"og:site_name\" content=\"Noa Hommikukuma\" \/>\n<meta property=\"article:publisher\" content=\"https:\/\/www.facebook.com\/noamanagement\/\" \/>\n<meta name=\"twitter:card\" content=\"summary_large_image\" \/>\n<meta name=\"twitter:label1\" content=\"Est. reading time\" \/>\n\t<meta name=\"twitter:data1\" content=\"3 minutes\" \/>\n<script type=\"application\/ld+json\" class=\"yoast-schema-graph\">{\"@context\":\"https:\/\/schema.org\",\"@graph\":[{\"@type\":\"WebPage\",\"@id\":\"https:\/\/noahommikukuma-com-431846.hostingersite.com\/politica-de-cookies\/\",\"url\":\"https:\/\/noahommikukuma-com-431846.hostingersite.com\/politica-de-cookies\/\",\"name\":\"Pol\u00edtica De Cookies - Noa Hommikukuma\",\"isPartOf\":{\"@id\":\"https:\/\/noahommikukuma-com-431846.hostingersite.com\/#website\"},\"datePublished\":\"2024-10-10T11:59:23+00:00\",\"breadcrumb\":{\"@id\":\"https:\/\/noahommikukuma-com-431846.hostingersite.com\/politica-de-cookies\/#breadcrumb\"},\"inLanguage\":\"en-US\",\"potentialAction\":[{\"@type\":\"ReadAction\",\"target\":[\"https:\/\/noahommikukuma-com-431846.hostingersite.com\/politica-de-cookies\/\"]}]},{\"@type\":\"BreadcrumbList\",\"@id\":\"https:\/\/noahommikukuma-com-431846.hostingersite.com\/politica-de-cookies\/#breadcrumb\",\"itemListElement\":[{\"@type\":\"ListItem\",\"position\":1,\"name\":\"Portada\",\"item\":\"https:\/\/noahommikukuma.com\/\"},{\"@type\":\"ListItem\",\"position\":2,\"name\":\"Pol\u00edtica De Cookies\"}]},{\"@type\":\"WebSite\",\"@id\":\"https:\/\/noahommikukuma-com-431846.hostingersite.com\/#website\",\"url\":\"https:\/\/noahommikukuma-com-431846.hostingersite.com\/\",\"name\":\"Noa Hommikukuma\",\"description\":\"Expertos en Promociones Inmobiliarias\",\"publisher\":{\"@id\":\"https:\/\/noahommikukuma-com-431846.hostingersite.com\/#organization\"},\"potentialAction\":[{\"@type\":\"SearchAction\",\"target\":{\"@type\":\"EntryPoint\",\"urlTemplate\":\"https:\/\/noahommikukuma-com-431846.hostingersite.com\/?s={search_term_string}\"},\"query-input\":{\"@type\":\"PropertyValueSpecification\",\"valueRequired\":true,\"valueName\":\"search_term_string\"}}],\"inLanguage\":\"en-US\"},{\"@type\":\"Organization\",\"@id\":\"https:\/\/noahommikukuma-com-431846.hostingersite.com\/#organization\",\"name\":\"Noa Hommikukuma\",\"url\":\"https:\/\/noahommikukuma-com-431846.hostingersite.com\/\",\"logo\":{\"@type\":\"ImageObject\",\"inLanguage\":\"en-US\",\"@id\":\"https:\/\/noahommikukuma-com-431846.hostingersite.com\/#\/schema\/logo\/image\/\",\"url\":\"https:\/\/noahommikukuma.com\/wp-content\/uploads\/2024\/09\/NOAlogoBlack.png\",\"contentUrl\":\"https:\/\/noahommikukuma.com\/wp-content\/uploads\/2024\/09\/NOAlogoBlack.png\",\"width\":4251,\"height\":4251,\"caption\":\"Noa Hommikukuma\"},\"image\":{\"@id\":\"https:\/\/noahommikukuma-com-431846.hostingersite.com\/#\/schema\/logo\/image\/\"},\"sameAs\":[\"https:\/\/www.facebook.com\/noamanagement\/\",\"https:\/\/www.instagram.com\/noa.mgmt\/\",\"https:\/\/www.tiktok.com\/@noa.management\"]}]}<\/script>\n<!-- \/ Yoast SEO plugin. -->","yoast_head_json":{"title":"Pol\u00edtica De Cookies - Noa Hommikukuma","robots":{"index":"index","follow":"follow","max-snippet":"max-snippet:-1","max-image-preview":"max-image-preview:large","max-video-preview":"max-video-preview:-1"},"canonical":"https:\/\/noahommikukuma-com-431846.hostingersite.com\/politica-de-cookies\/","og_locale":"en_US","og_type":"article","og_title":"Pol\u00edtica De Cookies - Noa Hommikukuma","og_description":"Una \u201cCookie\u201d es un peque\u00f1o archivo que se almacena al ordenador del usuario y nos permite reconocerlo. El conjunto de \u201ccookies\u201d nos ayuda a mejorar la calidad de nuestra web, permiti\u00e9ndonos controlar qu\u00e9 p\u00e1ginas encuentran nuestros usuarios \u00fatiles y qu\u00e9 no. Las cookies son esenciales para el funcionamiento de internet, aportando innumerables ventajas en la [&hellip;]","og_url":"https:\/\/noahommikukuma-com-431846.hostingersite.com\/politica-de-cookies\/","og_site_name":"Noa Hommikukuma","article_publisher":"https:\/\/www.facebook.com\/noamanagement\/","twitter_card":"summary_large_image","twitter_misc":{"Est. reading time":"3 minutes"},"schema":{"@context":"https:\/\/schema.org","@graph":[{"@type":"WebPage","@id":"https:\/\/noahommikukuma-com-431846.hostingersite.com\/politica-de-cookies\/","url":"https:\/\/noahommikukuma-com-431846.hostingersite.com\/politica-de-cookies\/","name":"Pol\u00edtica De Cookies - Noa Hommikukuma","isPartOf":{"@id":"https:\/\/noahommikukuma-com-431846.hostingersite.com\/#website"},"datePublished":"2024-10-10T11:59:23+00:00","breadcrumb":{"@id":"https:\/\/noahommikukuma-com-431846.hostingersite.com\/politica-de-cookies\/#breadcrumb"},"inLanguage":"en-US","potentialAction":[{"@type":"ReadAction","target":["https:\/\/noahommikukuma-com-431846.hostingersite.com\/politica-de-cookies\/"]}]},{"@type":"BreadcrumbList","@id":"https:\/\/noahommikukuma-com-431846.hostingersite.com\/politica-de-cookies\/#breadcrumb","itemListElement":[{"@type":"ListItem","position":1,"name":"Portada","item":"https:\/\/noahommikukuma.com\/"},{"@type":"ListItem","position":2,"name":"Pol\u00edtica De Cookies"}]},{"@type":"WebSite","@id":"https:\/\/noahommikukuma-com-431846.hostingersite.com\/#website","url":"https:\/\/noahommikukuma-com-431846.hostingersite.com\/","name":"Noa Hommikukuma","description":"Expertos en Promociones Inmobiliarias","publisher":{"@id":"https:\/\/noahommikukuma-com-431846.hostingersite.com\/#organization"},"potentialAction":[{"@type":"SearchAction","target":{"@type":"EntryPoint","urlTemplate":"https:\/\/noahommikukuma-com-431846.hostingersite.com\/?s={search_term_string}"},"query-input":{"@type":"PropertyValueSpecification","valueRequired":true,"valueName":"search_term_string"}}],"inLanguage":"en-US"},{"@type":"Organization","@id":"https:\/\/noahommikukuma-com-431846.hostingersite.com\/#organization","name":"Noa Hommikukuma","url":"https:\/\/noahommikukuma-com-431846.hostingersite.com\/","logo":{"@type":"ImageObject","inLanguage":"en-US","@id":"https:\/\/noahommikukuma-com-431846.hostingersite.com\/#\/schema\/logo\/image\/","url":"https:\/\/noahommikukuma.com\/wp-content\/uploads\/2024\/09\/NOAlogoBlack.png","contentUrl":"https:\/\/noahommikukuma.com\/wp-content\/uploads\/2024\/09\/NOAlogoBlack.png","width":4251,"height":4251,"caption":"Noa Hommikukuma"},"image":{"@id":"https:\/\/noahommikukuma-com-431846.hostingersite.com\/#\/schema\/logo\/image\/"},"sameAs":["https:\/\/www.facebook.com\/noamanagement\/","https:\/\/www.instagram.com\/noa.mgmt\/","https:\/\/www.tiktok.com\/@noa.management"]}]}},"_links":{"self":[{"href":"https:\/\/noahommikukuma.com\/en\/wp-json\/wp\/v2\/pages\/5631","targetHints":{"allow":["GET"]}}],"collection":[{"href":"https:\/\/noahommikukuma.com\/en\/wp-json\/wp\/v2\/pages"}],"about":[{"href":"https:\/\/noahommikukuma.com\/en\/wp-json\/wp\/v2\/types\/page"}],"author":[{"embeddable":true,"href":"https:\/\/noahommikukuma.com\/en\/wp-json\/wp\/v2\/users\/1"}],"replies":[{"embeddable":true,"href":"https:\/\/noahommikukuma.com\/en\/wp-json\/wp\/v2\/comments?post=5631"}],"version-history":[{"count":1,"href":"https:\/\/noahommikukuma.com\/en\/wp-json\/wp\/v2\/pages\/5631\/revisions"}],"predecessor-version":[{"id":5632,"href":"https:\/\/noahommikukuma.com\/en\/wp-json\/wp\/v2\/pages\/5631\/revisions\/5632"}],"wp:attachment":[{"href":"https:\/\/noahommikukuma.com\/en\/wp-json\/wp\/v2\/media?parent=5631"}],"curies":[{"name":"wp","href":"https:\/\/api.w.org\/{rel}","templated":true}]}}