{"id":5629,"date":"2024-10-10T11:58:58","date_gmt":"2024-10-10T11:58:58","guid":{"rendered":"https:\/\/noahommikukuma.com\/?page_id=5629"},"modified":"2024-10-10T11:58:58","modified_gmt":"2024-10-10T11:58:58","slug":"politica-de-privacidad","status":"publish","type":"page","link":"https:\/\/noahommikukuma.com\/en\/politica-de-privacidad\/","title":{"rendered":"Privacy Policy"},"content":{"rendered":"<p>De conformidad a lo establecido por el Reglamento General de Protecci\u00f3n de Datos de la Uni\u00f3n Europea (RGPD), le informamos que los datos personales facilitados a trav\u00e9s de los formularios, as\u00ed como su direcci\u00f3n de correo electr\u00f3nico, han sido incluidos en un fichero titularidad de Avenida Vilafortuny, 63 43850 CAMBRILS (TARRAGONA), NIF B55708093, noa@noahommikukuma.com con el fin de atender sus consultas y env\u00edo de informaci\u00f3n relacionada con los productos y servicios que ofrece NOA.<\/p>\n\n\n\n<p>Se informa que los datos pueden ser utilizados para el env\u00edo de comunicaciones comerciales, por cualquier medio, relativo a otros servicios de nuestra empresa que puedan ser de su inter\u00e9s. Si bien podr\u00e1 en cualquier momento oponerse a este tipo de env\u00edos, enviando un correo electr\u00f3nico a la direcci\u00f3n noa@noahommikukuma.com indicando en el asunto \u201cBAJA DE LA LISTA DE DISTRIBUCI\u00d3N\u201d.<\/p>\n\n\n\n<p><br>As\u00ed mismo, podr\u00e1 ejercer los derechos establecidos en el Reglamento General de Protecci\u00f3n de Datos de la Uni\u00f3n Europea, presentando o enviado una solicitud por escrito, dirigida a Avenida Vilafortuny, 63 43850 CAMBRILS (TARRAGONA), o a trav\u00e9s de correo electr\u00f3nico a noa@noahommikukuma.com y acompa\u00f1ada de una fotocopia de su DNI o documento acreditativo equivalente e indicando en el asunto \u201cPROTECCI\u00d3N DE DATOS\u201c.<\/p>\n\n\n\n<h3 class=\"wp-block-heading\"><a><\/a>PRIVACY POLICY<\/h3>\n\n\n\n<p>NOA is specially sensitized in the protection of the users' data, of the services which are accessed through the Web portal. By means of the present Policy of Privacy (Policy) it informs the Users of doradocardenas.com, of the treatment and uses to which the information of personal character is put under which are gathered in the Web, in order that they decide, freely and voluntarily, if they wish to facilitate the requested information.<\/p>\n\n\n\n<p>NOA considers it essential to ensure the protection of personal data, therefore, in order to protect the privacy and privacy of all stakeholders (data subjects), we hereby declare this Privacy Policy, pledging to ensure the legal requirements stipulated in the legislation and regulations that are applicable in the field of Personal Data Protection.<\/p>\n\n\n\n<p>Therefore, in compliance with the General Data Protection Regulation, NOA hereby informs:<\/p>\n\n\n\n<h3 class=\"wp-block-heading\"><a><\/a>1-File Ownership<\/h3>\n\n\n\n<p>NOA HOMMIKUKUMA, S.L. with registered office at Avenida Vilafortuny, 63 43850 CAMBRILS (TARRAGONA).<\/p>\n\n\n\n<h3 class=\"wp-block-heading\"><a><\/a>2-Collection and Treatment<\/h3>\n\n\n\n<p>The main characteristic of the file is:<\/p>\n\n\n\n<h4 class=\"wp-block-heading\"><a><\/a>2.1-Purpose<\/h4>\n\n\n\n<p>The purpose of the collection and incorporation of the data to the file consists of:<\/p>\n\n\n\n<ol class=\"wp-block-list\">\n<li>Provide the information requested by the interested parties in the form or questionnaire on the Web page.<\/li>\n\n\n\n<li>Resolve the issues raised.<\/li>\n\n\n\n<li>And send them information about our products or services of the portal owned by NOA.<\/li>\n<\/ol>\n\n\n\n<h4 class=\"wp-block-heading\"><a><\/a>2.2-Treatment Manager<\/h4>\n\n\n\n<p>In the event that there are third parties who access this file and with whom there is an obligation to sign a contract, such contract shall be signed on the terms set forth in the General Data Protection Regulation of the European Union, which will contractually regulate the use and confidentiality of personal data, in accordance with the provisions of the legislation in force.<em><\/em><\/p>\n\n\n\n<h4 class=\"wp-block-heading\"><a><\/a>2.3-Consent<\/h4>\n\n\n\n<p>By completing the various forms contained in the aforementioned Web, the interested party gives consent for the personal data provided to be incorporated into the aforementioned file, being processed by the same in accordance with this Privacy Policy. In the same way, the interested party gives consent for NOA to send periodic information and to inform about our offers and services.<\/p>\n\n\n\n<p>Si bien en cualquier momento podr\u00e1 oponerse a este tipo de env\u00edos, enviando un correo electr\u00f3nico a la direcci\u00f3n noa@noahommikukuma.com indicando en el asunto \u201cBAJA DE LA LISTA DE DISTRIBUCI\u00d3N\u201d.<\/p>\n\n\n\n<h3 class=\"wp-block-heading\"><a><\/a>3-Security Measures<\/h3>\n\n\n\n<p>NOA has adopted the legally required levels of security for the protection of personal data, and has installed all the technical means and measures within its reach to prevent the loss, misuse, alteration, unauthorized access and theft of such data.<\/p>\n\n\n\n<h3 class=\"wp-block-heading\"><a><\/a>4- Rights of access, rectification, opposition, deletion, limitation of processing, portability, not to be subject to automated individual decisions.<\/h3>\n\n\n\n<p>The interested parties who own the data contained in the file, as well as the owners of data contained in any of the files owned by NOA may contact the entity, as the entity responsible for the files, in order to exercise their rights in reference to the data included in the treatment. These rights are of a \"<em>very personal<\/em>\"Therefore, they may only be exercised by the interested party himself, or his legal representative, upon proof of his identity, or if applicable, of the sufficiency of the representation.<\/p>\n\n\n\n<p>A.- The right of access, to be exercised on an annual basis, except in the case of proven legitimate interest. When exercising the right of access, the interested party may opt for the following file consultation systems:<\/p>\n\n\n\n<ul class=\"wp-block-list\">\n<li>Send an e-mail to: <a href=\"mailto:noa@noahommikukuma.com\">noa@noahommikukuma.com<\/a>.<\/li>\n\n\n\n<li>Written communication addressed to: NOA HOMMIKUKUMA, S.L., Avenida Vilafortuny, 63 43850 CAMBRILS (TARRAGONA).<\/li>\n<\/ul>\n\n\n\n<p>NOA will proceed to notify its decision within one month. If the decision is in the affirmative, the interested party may access the referred information within 10 days following its notification.<\/p>\n\n\n\n<p>B.- The right of rectification and suppression may be exercised, in accordance with the following provisions, provided that the interested party considers that the data collected in our files are <em>inaccurate, incomplete, inadequate or excessive<\/em>. In this case, you may exercise them through any of the means previously foreseen.<\/p>\n\n\n\n<p>NOA will proceed with the rectification or deletion within 10 days of receipt of the request.<\/p>\n\n\n\n<h3 class=\"wp-block-heading\"><a><\/a>5- Change in Regulations<\/h3>\n\n\n\n<p>NOA reserves the right to modify this policy in order to adapt it to new legislative or jurisprudential developments as well as those that may arise from existing \"standard codes\" on the subject. Such changes will be communicated with the necessary advance notice on our website, without prejudice to claim the necessary consent of those affected when this is not considered granted under the terms of this policy.<\/p>\n\n\n\n<p>If you have any doubts, questions or comments you may have regarding these regulations, please do not hesitate to contact us: <a href=\"mailto:noa@noahommikukuma.com\">noa@noahommikukuma.com<\/a>.<\/p>","protected":false},"excerpt":{"rendered":"<p>De conformidad a lo establecido por el Reglamento General de Protecci\u00f3n de Datos de la Uni\u00f3n Europea (RGPD), le informamos que los datos personales facilitados a trav\u00e9s de los formularios, as\u00ed como su direcci\u00f3n de correo electr\u00f3nico, han sido incluidos en un fichero titularidad de Avenida Vilafortuny, 63 43850 CAMBRILS (TARRAGONA), NIF B55708093, noa@noahommikukuma.com con [&hellip;]<\/p>","protected":false},"author":1,"featured_media":0,"parent":0,"menu_order":0,"comment_status":"closed","ping_status":"closed","template":"","meta":{"_joinchat":[],"footnotes":""},"class_list":["post-5629","page","type-page","status-publish","hentry"],"yoast_head":"<!-- This site is optimized with the Yoast SEO plugin v25.1 - https:\/\/yoast.com\/wordpress\/plugins\/seo\/ -->\n<title>Pol\u00edtica De Privacidad - Noa Hommikukuma<\/title>\n<meta name=\"robots\" content=\"index, follow, max-snippet:-1, max-image-preview:large, max-video-preview:-1\" \/>\n<link rel=\"canonical\" href=\"https:\/\/noahommikukuma-com-431846.hostingersite.com\/politica-de-privacidad\/\" \/>\n<meta property=\"og:locale\" content=\"en_US\" \/>\n<meta property=\"og:type\" content=\"article\" \/>\n<meta property=\"og:title\" content=\"Pol\u00edtica De Privacidad - Noa Hommikukuma\" \/>\n<meta property=\"og:description\" content=\"De conformidad a lo establecido por el Reglamento General de Protecci\u00f3n de Datos de la Uni\u00f3n Europea (RGPD), le informamos que los datos personales facilitados a trav\u00e9s de los formularios, as\u00ed como su direcci\u00f3n de correo electr\u00f3nico, han sido incluidos en un fichero titularidad de Avenida Vilafortuny, 63 43850 CAMBRILS (TARRAGONA), NIF B55708093, noa@noahommikukuma.com con [&hellip;]\" \/>\n<meta property=\"og:url\" content=\"https:\/\/noahommikukuma-com-431846.hostingersite.com\/politica-de-privacidad\/\" \/>\n<meta property=\"og:site_name\" content=\"Noa Hommikukuma\" \/>\n<meta property=\"article:publisher\" content=\"https:\/\/www.facebook.com\/noamanagement\/\" \/>\n<meta name=\"twitter:card\" content=\"summary_large_image\" \/>\n<meta name=\"twitter:label1\" content=\"Est. reading time\" \/>\n\t<meta name=\"twitter:data1\" content=\"6 minutes\" \/>\n<script type=\"application\/ld+json\" class=\"yoast-schema-graph\">{\"@context\":\"https:\/\/schema.org\",\"@graph\":[{\"@type\":\"WebPage\",\"@id\":\"https:\/\/noahommikukuma-com-431846.hostingersite.com\/politica-de-privacidad\/\",\"url\":\"https:\/\/noahommikukuma-com-431846.hostingersite.com\/politica-de-privacidad\/\",\"name\":\"Pol\u00edtica De Privacidad - Noa Hommikukuma\",\"isPartOf\":{\"@id\":\"https:\/\/noahommikukuma-com-431846.hostingersite.com\/#website\"},\"datePublished\":\"2024-10-10T11:58:58+00:00\",\"breadcrumb\":{\"@id\":\"https:\/\/noahommikukuma-com-431846.hostingersite.com\/politica-de-privacidad\/#breadcrumb\"},\"inLanguage\":\"en-US\",\"potentialAction\":[{\"@type\":\"ReadAction\",\"target\":[\"https:\/\/noahommikukuma-com-431846.hostingersite.com\/politica-de-privacidad\/\"]}]},{\"@type\":\"BreadcrumbList\",\"@id\":\"https:\/\/noahommikukuma-com-431846.hostingersite.com\/politica-de-privacidad\/#breadcrumb\",\"itemListElement\":[{\"@type\":\"ListItem\",\"position\":1,\"name\":\"Portada\",\"item\":\"https:\/\/noahommikukuma.com\/\"},{\"@type\":\"ListItem\",\"position\":2,\"name\":\"Pol\u00edtica De Privacidad\"}]},{\"@type\":\"WebSite\",\"@id\":\"https:\/\/noahommikukuma-com-431846.hostingersite.com\/#website\",\"url\":\"https:\/\/noahommikukuma-com-431846.hostingersite.com\/\",\"name\":\"Noa Hommikukuma\",\"description\":\"Expertos en Promociones Inmobiliarias\",\"publisher\":{\"@id\":\"https:\/\/noahommikukuma-com-431846.hostingersite.com\/#organization\"},\"potentialAction\":[{\"@type\":\"SearchAction\",\"target\":{\"@type\":\"EntryPoint\",\"urlTemplate\":\"https:\/\/noahommikukuma-com-431846.hostingersite.com\/?s={search_term_string}\"},\"query-input\":{\"@type\":\"PropertyValueSpecification\",\"valueRequired\":true,\"valueName\":\"search_term_string\"}}],\"inLanguage\":\"en-US\"},{\"@type\":\"Organization\",\"@id\":\"https:\/\/noahommikukuma-com-431846.hostingersite.com\/#organization\",\"name\":\"Noa Hommikukuma\",\"url\":\"https:\/\/noahommikukuma-com-431846.hostingersite.com\/\",\"logo\":{\"@type\":\"ImageObject\",\"inLanguage\":\"en-US\",\"@id\":\"https:\/\/noahommikukuma-com-431846.hostingersite.com\/#\/schema\/logo\/image\/\",\"url\":\"https:\/\/noahommikukuma.com\/wp-content\/uploads\/2024\/09\/NOAlogoBlack.png\",\"contentUrl\":\"https:\/\/noahommikukuma.com\/wp-content\/uploads\/2024\/09\/NOAlogoBlack.png\",\"width\":4251,\"height\":4251,\"caption\":\"Noa Hommikukuma\"},\"image\":{\"@id\":\"https:\/\/noahommikukuma-com-431846.hostingersite.com\/#\/schema\/logo\/image\/\"},\"sameAs\":[\"https:\/\/www.facebook.com\/noamanagement\/\",\"https:\/\/www.instagram.com\/noa.mgmt\/\",\"https:\/\/www.tiktok.com\/@noa.management\"]}]}<\/script>\n<!-- \/ Yoast SEO plugin. -->","yoast_head_json":{"title":"Pol\u00edtica De Privacidad - Noa Hommikukuma","robots":{"index":"index","follow":"follow","max-snippet":"max-snippet:-1","max-image-preview":"max-image-preview:large","max-video-preview":"max-video-preview:-1"},"canonical":"https:\/\/noahommikukuma-com-431846.hostingersite.com\/politica-de-privacidad\/","og_locale":"en_US","og_type":"article","og_title":"Pol\u00edtica De Privacidad - Noa Hommikukuma","og_description":"De conformidad a lo establecido por el Reglamento General de Protecci\u00f3n de Datos de la Uni\u00f3n Europea (RGPD), le informamos que los datos personales facilitados a trav\u00e9s de los formularios, as\u00ed como su direcci\u00f3n de correo electr\u00f3nico, han sido incluidos en un fichero titularidad de Avenida Vilafortuny, 63 43850 CAMBRILS (TARRAGONA), NIF B55708093, noa@noahommikukuma.com con [&hellip;]","og_url":"https:\/\/noahommikukuma-com-431846.hostingersite.com\/politica-de-privacidad\/","og_site_name":"Noa Hommikukuma","article_publisher":"https:\/\/www.facebook.com\/noamanagement\/","twitter_card":"summary_large_image","twitter_misc":{"Est. reading time":"6 minutes"},"schema":{"@context":"https:\/\/schema.org","@graph":[{"@type":"WebPage","@id":"https:\/\/noahommikukuma-com-431846.hostingersite.com\/politica-de-privacidad\/","url":"https:\/\/noahommikukuma-com-431846.hostingersite.com\/politica-de-privacidad\/","name":"Pol\u00edtica De Privacidad - Noa Hommikukuma","isPartOf":{"@id":"https:\/\/noahommikukuma-com-431846.hostingersite.com\/#website"},"datePublished":"2024-10-10T11:58:58+00:00","breadcrumb":{"@id":"https:\/\/noahommikukuma-com-431846.hostingersite.com\/politica-de-privacidad\/#breadcrumb"},"inLanguage":"en-US","potentialAction":[{"@type":"ReadAction","target":["https:\/\/noahommikukuma-com-431846.hostingersite.com\/politica-de-privacidad\/"]}]},{"@type":"BreadcrumbList","@id":"https:\/\/noahommikukuma-com-431846.hostingersite.com\/politica-de-privacidad\/#breadcrumb","itemListElement":[{"@type":"ListItem","position":1,"name":"Portada","item":"https:\/\/noahommikukuma.com\/"},{"@type":"ListItem","position":2,"name":"Pol\u00edtica De Privacidad"}]},{"@type":"WebSite","@id":"https:\/\/noahommikukuma-com-431846.hostingersite.com\/#website","url":"https:\/\/noahommikukuma-com-431846.hostingersite.com\/","name":"Noa Hommikukuma","description":"Expertos en Promociones Inmobiliarias","publisher":{"@id":"https:\/\/noahommikukuma-com-431846.hostingersite.com\/#organization"},"potentialAction":[{"@type":"SearchAction","target":{"@type":"EntryPoint","urlTemplate":"https:\/\/noahommikukuma-com-431846.hostingersite.com\/?s={search_term_string}"},"query-input":{"@type":"PropertyValueSpecification","valueRequired":true,"valueName":"search_term_string"}}],"inLanguage":"en-US"},{"@type":"Organization","@id":"https:\/\/noahommikukuma-com-431846.hostingersite.com\/#organization","name":"Noa Hommikukuma","url":"https:\/\/noahommikukuma-com-431846.hostingersite.com\/","logo":{"@type":"ImageObject","inLanguage":"en-US","@id":"https:\/\/noahommikukuma-com-431846.hostingersite.com\/#\/schema\/logo\/image\/","url":"https:\/\/noahommikukuma.com\/wp-content\/uploads\/2024\/09\/NOAlogoBlack.png","contentUrl":"https:\/\/noahommikukuma.com\/wp-content\/uploads\/2024\/09\/NOAlogoBlack.png","width":4251,"height":4251,"caption":"Noa Hommikukuma"},"image":{"@id":"https:\/\/noahommikukuma-com-431846.hostingersite.com\/#\/schema\/logo\/image\/"},"sameAs":["https:\/\/www.facebook.com\/noamanagement\/","https:\/\/www.instagram.com\/noa.mgmt\/","https:\/\/www.tiktok.com\/@noa.management"]}]}},"_links":{"self":[{"href":"https:\/\/noahommikukuma.com\/en\/wp-json\/wp\/v2\/pages\/5629","targetHints":{"allow":["GET"]}}],"collection":[{"href":"https:\/\/noahommikukuma.com\/en\/wp-json\/wp\/v2\/pages"}],"about":[{"href":"https:\/\/noahommikukuma.com\/en\/wp-json\/wp\/v2\/types\/page"}],"author":[{"embeddable":true,"href":"https:\/\/noahommikukuma.com\/en\/wp-json\/wp\/v2\/users\/1"}],"replies":[{"embeddable":true,"href":"https:\/\/noahommikukuma.com\/en\/wp-json\/wp\/v2\/comments?post=5629"}],"version-history":[{"count":2,"href":"https:\/\/noahommikukuma.com\/en\/wp-json\/wp\/v2\/pages\/5629\/revisions"}],"predecessor-version":[{"id":5926,"href":"https:\/\/noahommikukuma.com\/en\/wp-json\/wp\/v2\/pages\/5629\/revisions\/5926"}],"wp:attachment":[{"href":"https:\/\/noahommikukuma.com\/en\/wp-json\/wp\/v2\/media?parent=5629"}],"curies":[{"name":"wp","href":"https:\/\/api.w.org\/{rel}","templated":true}]}}